{"id":25048,"date":"2020-11-24T14:33:43","date_gmt":"2020-11-24T12:33:43","guid":{"rendered":"https:\/\/lashidalgas.com\/?post_type=product&#038;p=25048"},"modified":"2022-12-05T12:24:42","modified_gmt":"2022-12-05T10:24:42","slug":"kit-sestil-blanket","status":"publish","type":"product","link":"https:\/\/lashidalgas.com\/en\/product\/kit-sestil-blanket\/","title":{"rendered":"Kit Sestil blanket"},"content":{"rendered":"<p>With our blanket kit &#8220;Sestil&#8221; turns your sofa into a sestil in the field where to rest after lunch, tuck yourself in this soft and warm blanket knitted in <a href=\"https:\/\/lashidalgas.com\/en\/product\/chozo\/\" target=\"_blank\" rel=\"noopener noreferrer\">Chozo<\/a> with your own hands.<\/p>\n","protected":false},"excerpt":{"rendered":"<p style=\"text-align: left;\">The kit Contenta includes:<\/p>\n<p>* FREE DIGITAL PATTERN that we send you when you place your order<\/p>\n<p style=\"text-align: left;\">* 1700 gr of <a href=\"https:\/\/lashidalgas.com\/en\/product\/chozo\/\" target=\"_blank\" rel=\"noopener noreferrer\"><span style=\"text-decoration: underline;\">Chozo<\/span><\/a> that we send you continuous so that you can knit your blanket often<\/p>\n<p style=\"text-align: left;\">* 2 traceable chestnut knitting needles, 25 mm (US-50)<\/p>\n<p style=\"text-align: left;\">* Hidalga label<\/p>\n<p style=\"text-align: left;\">* Traceability<\/p>\n<p style=\"text-align: left;\">*The colour shown in the photo: bone-eucalyptus<\/p>\n<p style=\"text-align: left;\">Approx. measurements: width 75 cm\u00a0 &#8211; length 190 cm<\/p>\n<p>Composition: 100% <a href=\"https:\/\/lashidalgas.com\/en\/about-hidalgas\/our-wool\/\" target=\"_blank\" rel=\"noopener noreferrer\">Spanish transhumant merino wool<\/a>.<\/p>\n<p>If you have any questions,\u00a0<a href=\"https:\/\/lashidalgas.com\/en\/contact\/\" target=\"_blank\" rel=\"noopener noreferrer\">contact us<\/a>.<\/p>\n","protected":false},"featured_media":30712,"template":"","meta":{"_seopress_robots_primary_cat":"211","_seopress_titles_title":"Kit manta Sestil %%title%% %%page%% %%sep%% %%sitename%%","_seopress_titles_desc":"Kit manta Sestil: Arrop\u00e1ndote en esta manta suave y c\u00e1lida tejida con tus propias manos, Convierte tu sof\u00e1 en un sestil en pleno campo","_seopress_robots_index":""},"product_brand":[],"product_cat":[211,610,215],"product_tag":[],"class_list":{"0":"post-25048","1":"product","2":"type-product","3":"status-publish","4":"has-post-thumbnail","6":"product_cat-kits-en","7":"product_cat-free-digital-pattern","8":"product_cat-zagal-en","10":"first","11":"instock","12":"taxable","13":"shipping-taxable","14":"purchasable","15":"product-type-variable","16":"has-default-attributes"},"_links":{"self":[{"href":"https:\/\/lashidalgas.com\/en\/wp-json\/wp\/v2\/product\/25048","targetHints":{"allow":["GET"]}}],"collection":[{"href":"https:\/\/lashidalgas.com\/en\/wp-json\/wp\/v2\/product"}],"about":[{"href":"https:\/\/lashidalgas.com\/en\/wp-json\/wp\/v2\/types\/product"}],"wp:featuredmedia":[{"embeddable":true,"href":"https:\/\/lashidalgas.com\/en\/wp-json\/wp\/v2\/media\/30712"}],"wp:attachment":[{"href":"https:\/\/lashidalgas.com\/en\/wp-json\/wp\/v2\/media?parent=25048"}],"wp:term":[{"taxonomy":"product_brand","embeddable":true,"href":"https:\/\/lashidalgas.com\/en\/wp-json\/wp\/v2\/product_brand?post=25048"},{"taxonomy":"product_cat","embeddable":true,"href":"https:\/\/lashidalgas.com\/en\/wp-json\/wp\/v2\/product_cat?post=25048"},{"taxonomy":"product_tag","embeddable":true,"href":"https:\/\/lashidalgas.com\/en\/wp-json\/wp\/v2\/product_tag?post=25048"}],"curies":[{"name":"wp","href":"https:\/\/api.w.org\/{rel}","templated":true}]}}