{"id":8594,"date":"2018-09-08T16:28:11","date_gmt":"2018-09-08T14:28:11","guid":{"rendered":"https:\/\/lashidalgas.com\/policy-of-privacy\/"},"modified":"2021-10-07T10:15:43","modified_gmt":"2021-10-07T08:15:43","slug":"policy-of-privacy","status":"publish","type":"page","link":"https:\/\/lashidalgas.com\/en\/policy-of-privacy\/","title":{"rendered":"Policy of Privacy"},"content":{"rendered":"<p><strong><span style=\"font-size: 18px;\">Protecci\u00f3n de datos de car\u00e1cter personal seg\u00fan la LOPD<\/span><\/strong><\/p>\n<p>ALMAS TRASHUMANTES, S.L., en aplicaci\u00f3n de la normativa vigente en materia de protecci\u00f3n de datos de car\u00e1cter personal, informa que los datos personales que se recogen a trav\u00e9s de los formularios del sitio web www.lashidalgas.com se incluyen en los ficheros automatizados espec\u00edficos de usuarios de los servicios de ALMAS TRASHUMANTES, S.L.<\/p>\n<p>La recogida y tratamiento automatizado de los datos de car\u00e1cter personal tiene como finalidad el mantenimiento de la relaci\u00f3n comercial y el desempe\u00f1o de tareas de informaci\u00f3n, formaci\u00f3n, asesoramiento y otras actividades propias de ALMAS TRASHUMANTES, S.L.<\/p>\n<p>Estos datos \u00fanicamente ser\u00e1n cedidos a aquellas entidades que sean necesarias con el \u00fanico objetivo de dar\u00a0cumplimiento a la finalidad anteriormente expuesta.<\/p>\n<p>ALMAS TRASHUMANTES, S.L. adopta las medidas necesarias para garantizar la seguridad, integridad y confidencialidad de los datos conforme a lo dispuesto en el Reglamento (UE) 2016\/679 del Parlamento Europeo y del Consejo, de 27 de abril de 2016, relativo a la protecci\u00f3n de las personas f\u00edsicas en lo que respecta al tratamiento de datos personales y a la libre circulaci\u00f3n de los mismos.<\/p>\n<p>El usuario podr\u00e1 en cualquier momento ejercitar los derechos de acceso, oposici\u00f3n, rectificaci\u00f3n y cancelaci\u00f3n reconocidos en el citado Reglamento (UE). El ejercicio de estos derechos puede realizarlo el propio usuario a trav\u00e9s de email a: info@lashidalgas.com o en la direcci\u00f3n: Maestro Uriarte 3 Bajo, C.P. 24008 &#8211; Le\u00f3n (Le\u00f3n).<\/p>\n<p>El usuario manifiesta que todos los datos facilitados por \u00e9l son ciertos y correctos, y se compromete a mantenerlos actualizados, comunicando los cambios a ALMAS TRASHUMANTES, S.L.<\/p>\n<p>&nbsp;<\/p>\n<p><span style=\"font-size: 18px;\"><strong>Datos recopilados por usuarios de los servicios<\/strong><\/span><\/p>\n<p>En los casos en que el usuario incluya ficheros con datos de car\u00e1cter personal en los servidores de alojamiento compartido, ALMAS TRASHUMANTES, S.L. no se hace responsable del incumplimiento por parte del usuario del RGPD.<\/p>\n<p>&nbsp;<\/p>\n<p><strong><span style=\"font-size: 18px;\">Retenci\u00f3n de datos en conformidad a la LSSI\u00a0<\/span><\/strong><\/p>\n<p>ALMAS TRASHUMANTES, S.L. informa de que, como prestador de servicio de alojamiento de datos y en virtud de lo establecido en la Ley 34\/2002 de 11 de julio de Servicios de la Sociedad de la Informaci\u00f3n y de Comercio Electr\u00f3nico (LSSI), retiene por un periodo m\u00e1ximo de 12 meses la informaci\u00f3n imprescindible para identificar el origen de los datos alojados y el momento en que se inici\u00f3 la prestaci\u00f3n del servicio. La retenci\u00f3n de estos datos no afecta al secreto de las comunicaciones y s\u00f3lo podr\u00e1n ser utilizados en el marco de una investigaci\u00f3n criminal o para la salvaguardia de la seguridad p\u00fablica, poni\u00e9ndose a disposici\u00f3n de los jueces y\/o tribunales o del Ministerio que as\u00ed los requiera.<\/p>\n<p>La comunicaci\u00f3n de datos a las Fuerzas y Cuerpos del Estado se har\u00e1 en virtud a lo dispuesto en la normativa sobre\u00a0protecci\u00f3n de datos personales.<\/p>\n<p>&nbsp;<\/p>\n<p><strong><span style=\"font-size: 18px;\">Derechos propiedad intelectual www.lashidalgas.com<\/span><\/strong><\/p>\n<p>ALMAS TRASHUMANTES, S.L. es titular de todos los derechos de autor, propiedad intelectual, industrial, &#8220;know how&#8221; y cuantos otros derechos guardan relaci\u00f3n con los contenidos del sitio web www.lashidalgas.com y los servicios ofertados en el mismo, as\u00ed como de los programas necesarios para su implementaci\u00f3n y la informaci\u00f3n relacionada. No se permite la reproducci\u00f3n, publicaci\u00f3n y\/o uso no estrictamente privado de los contenidos, totales o parciales, del sitio web www.lashidalgas.com sin el consentimiento previo y por escrito.<\/p>\n<p>&nbsp;<\/p>\n<p><span style=\"font-size: 18px;\"><strong>Propiedad intelectual del software<\/strong><\/span><\/p>\n<p>El usuario debe respetar los programas de terceros puestos a su disposici\u00f3n por ALMAS TRASHUMANTES, S.L., aun siendo gratuitos y\/o de disposici\u00f3n p\u00fablica.<\/p>\n<p>ALMAS TRASHUMANTES, S.L. dispone de los derechos de explotaci\u00f3n y propiedad intelectual necesarios del software.<\/p>\n<p>El usuario no adquiere derecho alguno o licencia por el servicio contratado, sobre el software necesario para la\u00a0prestaci\u00f3n del servicio, ni tampoco sobre la informaci\u00f3n t\u00e9cnica de seguimiento del servicio, excepci\u00f3n hecha de los\u00a0derechos y licencias necesarios para el cumplimiento de los servicios contratados y \u00fanicamente durante la duraci\u00f3n de\u00a0los mismos.<\/p>\n<p>Para toda actuaci\u00f3n que exceda del cumplimiento del contrato, el usuario necesitar\u00e1 autorizaci\u00f3n por escrito por parte de ALMAS TRASHUMANTES, S.L., quedando prohibido al usuario acceder, modificar, visualizar la configuraci\u00f3n, estructura y ficheros de los servidores propiedad de ALMAS TRASHUMANTES, S.L., asumiendo la responsabilidad civil y penal derivada de cualquier incidencia que se pudiera producir en los servidores y sistemas de seguridad como consecuencia directa de una actuaci\u00f3n negligente o maliciosa por su parte.<\/p>\n<p>&nbsp;<\/p>\n<p><strong><span style=\"font-size: 18px;\">Propiedad intelectual de los contenidos alojados<\/span><\/strong><\/p>\n<p>Se proh\u00edbe el uso contrario a la legislaci\u00f3n sobre propiedad intelectual de los servicios prestados por ALMAS TRASHUMANTES, S.L. y, en particular de:<\/p>\n<p>\u2022 La utilizaci\u00f3n que resulte contraria a las leyes espa\u00f1olas o que infrinja los derechos de terceros.<\/p>\n<p>\u2022 La publicaci\u00f3n o la transmisi\u00f3n de cualquier contenido que, a juicio de ALMAS TRASHUMANTES, S.L., resulte violento, obsceno, abusivo, ilegal, racial, xen\u00f3fobo o difamatorio.<\/p>\n<p>\u2022 Los cracks, n\u00fameros de serie de programas o cualquier otro contenido que vulnere derechos de la\u00a0propiedad intelectual de terceros.<\/p>\n<p>\u2022 La recogida y\/o utilizaci\u00f3n de datos personales de otros usuarios sin su consentimiento expreso o\u00a0contraviniendo lo dispuesto en Reglamento (UE) 2016\/679 del Parlamento Europeo y del Consejo, de\u00a027 de abril de 2016, relativo a la protecci\u00f3n de las personas f\u00edsicas en lo que respecta al tratamiento de\u00a0datos personales y a la libre circulaci\u00f3n de los mismos.<\/p>\n<p>\u2022 La utilizaci\u00f3n del servidor de correo del dominio y de las direcciones de correo electr\u00f3nico para el env\u00edo\u00a0de correo masivo no deseado.<\/p>\n<p>El usuario tiene toda la responsabilidad sobre el contenido de su web, la informaci\u00f3n transmitida y almacenada, los\u00a0enlaces de hipertexto, las reivindicaciones de terceros y las acciones legales en referencia a propiedad intelectual,\u00a0derechos de terceros y protecci\u00f3n de menores.<\/p>\n<p>El usuario es responsable respecto a las leyes y reglamentos en vigor y las reglas que tienen que ver con el\u00a0funcionamiento del servicio online, comercio electr\u00f3nico, derechos de autor, mantenimiento del orden p\u00fablico, as\u00ed como\u00a0principios universales de uso de Internet.<\/p>\n<p>El usuario indemnizar\u00e1 a ALMAS TRASHUMANTES, S.L. por los gastos que generara la imputaci\u00f3n de la ALMAS TRASHUMANTES, S.L. en alguna causa cuya responsabilidad fuera atribuible al usuario, incluidos honorarios y gastos de defensa jur\u00eddica, incluso en el caso de una decisi\u00f3n judicial no definitiva.<\/p>\n<p>&nbsp;<\/p>\n<p><strong><span style=\"font-size: 18px;\">Protecci\u00f3n de la informaci\u00f3n alojada<\/span><\/strong><\/p>\n<p>ALMAS TRASHUMANTES, S.L. realiza copias de seguridad de los contenidos alojados en sus servidores, sin embargo no se responsabiliza de la p\u00e9rdida o el borrado accidental de los datos por parte de los usuarios. De igual manera, no garantiza la reposici\u00f3n total de los datos borrados por los usuarios, ya que los citados datos podr\u00edan haber sido suprimidos y\/o modificados durante el periodo del tiempo transcurrido desde la \u00faltima copia de seguridad.<\/p>\n<p>Los servicios ofertados, excepto los servicios espec\u00edficos de backup, no incluyen la reposici\u00f3n de los contenidos conservados en las copias de seguridad realizadas por ALMAS TRASHUMANTES, S.L., cuando esta p\u00e9rdida sea imputable al usuario; en este caso, se determinar\u00e1 una tarifa acorde a la complejidad y volumen de la recuperaci\u00f3n, siempre previa aceptaci\u00f3n del usuario.<\/p>\n<p>La reposici\u00f3n de datos borrados s\u00f3lo est\u00e1 incluida en el precio del servicio cuando la p\u00e9rdida del contenido sea debida a causas atribuibles a ALMAS TRASHUMANTES, S.L..<\/p>\n<p>&nbsp;<\/p>\n<p><strong><span style=\"font-size: 18px;\">Comunicaciones comerciales<\/span><\/strong><\/p>\n<p>En aplicaci\u00f3n de la LSSI. ALMAS TRASHUMANTES, S.L. no enviar\u00e1 comunicaciones publicitarias o promocionales por correo electr\u00f3nico u otro medio de comunicaci\u00f3n electr\u00f3nica equivalente que previamente no hubieran sido solicitadas o expresamente autorizadas por los destinatarios de las mismas.<\/p>\n<p>En el caso de usuarios con los que exista una relaci\u00f3n contractual previa, ALMAS TRASHUMANTES, S.L. s\u00ed est\u00e1 autorizado al env\u00edo de comunicaciones comerciales referentes a productos o servicios de la ALMAS TRASHUMANTES, S.L. que sean similares a los que inicialmente fueron objeto de contrataci\u00f3n con el cliente.<\/p>\n<p>En todo caso, el usuario puede solicitar que no se le hagan llegar m\u00e1s informaciones comerciales a trav\u00e9s de los\u00a0canales de Atenci\u00f3n al Cliente, tras acreditar su identidad.<\/p>\n<p>&nbsp;<\/p>\n<p>&nbsp;<\/p>\n","protected":false},"excerpt":{"rendered":"<p>Protecci\u00f3n de datos de car\u00e1cter personal seg\u00fan la LOPD ALMAS TRASHUMANTES, S.L., en aplicaci\u00f3n de la normativa vigente en materia de protecci\u00f3n de datos de car\u00e1cter personal, informa que los datos personales que se recogen a trav\u00e9s de los formularios del sitio web www.lashidalgas.com se incluyen en los ficheros automatizados espec\u00edficos de usuarios de los&nbsp; &hellip;<\/p>\n","protected":false},"author":1,"featured_media":0,"parent":0,"menu_order":23,"comment_status":"closed","ping_status":"closed","template":"page-full.php","meta":{"_seopress_robots_primary_cat":"0","_seopress_titles_title":"","_seopress_titles_desc":"","_seopress_robots_index":"","footnotes":""},"class_list":["post-8594","page","type-page","status-publish","hentry"],"_links":{"self":[{"href":"https:\/\/lashidalgas.com\/en\/wp-json\/wp\/v2\/pages\/8594","targetHints":{"allow":["GET"]}}],"collection":[{"href":"https:\/\/lashidalgas.com\/en\/wp-json\/wp\/v2\/pages"}],"about":[{"href":"https:\/\/lashidalgas.com\/en\/wp-json\/wp\/v2\/types\/page"}],"author":[{"embeddable":true,"href":"https:\/\/lashidalgas.com\/en\/wp-json\/wp\/v2\/users\/1"}],"replies":[{"embeddable":true,"href":"https:\/\/lashidalgas.com\/en\/wp-json\/wp\/v2\/comments?post=8594"}],"version-history":[{"count":0,"href":"https:\/\/lashidalgas.com\/en\/wp-json\/wp\/v2\/pages\/8594\/revisions"}],"wp:attachment":[{"href":"https:\/\/lashidalgas.com\/en\/wp-json\/wp\/v2\/media?parent=8594"}],"curies":[{"name":"wp","href":"https:\/\/api.w.org\/{rel}","templated":true}]}}