{"id":8593,"date":"2018-09-08T16:27:07","date_gmt":"2018-09-08T14:27:07","guid":{"rendered":"https:\/\/lashidalgas.com\/cookies-policy\/"},"modified":"2023-12-13T13:05:38","modified_gmt":"2023-12-13T11:05:38","slug":"cookies-policy","status":"publish","type":"page","link":"https:\/\/lashidalgas.com\/en\/cookies-policy\/","title":{"rendered":"Cookies policy"},"content":{"rendered":"<p>ALMAS TRASHUMANTES, S.L. informa acerca del uso de las cookies en su p\u00e1gina web: www.lashidalgas.com<\/p>\n<p>&nbsp;<\/p>\n<p><span style=\"font-size: 18px;\"><b>\u00bfQu\u00e9 son las cookies?<\/b><\/span><\/p>\n<p>Las cookies son archivos que se pueden descargar en su equipo a trav\u00e9s de las p\u00e1ginas web. Son herramientas que\u00a0tienen un papel esencial para la prestaci\u00f3n de numerosos servicios de la sociedad de la informaci\u00f3n. Entre otros,\u00a0permiten a una p\u00e1gina web almacenar y recuperar informaci\u00f3n sobre los h\u00e1bitos de navegaci\u00f3n de un usuario o de su\u00a0equipo y, dependiendo de la informaci\u00f3n obtenida, se pueden utilizar para reconocer al usuario y mejorar el servicio\u00a0ofrecido.<\/p>\n<p>&nbsp;<\/p>\n<p><span style=\"font-size: 18px;\"><b>Tipos de cookies<\/b><\/span><\/p>\n<p>Seg\u00fan quien sea la entidad que gestione el dominio desde donde se env\u00edan las cookies y trate los datos que se\u00a0obtengan se pueden distinguir dos tipos:<\/p>\n<p>\u2022 Cookies propias:<\/p>\n<p>Aqu\u00e9llas que se env\u00edan al equipo terminal del usuario desde un equipo o dominio gestionado por el\u00a0propio editor y desde el que se presta el servicio solicitado por el usuario.<\/p>\n<p>\u2022 Cookies de terceros:<\/p>\n<p>Aqu\u00e9llas que se env\u00edan al equipo terminal del usuario desde un equipo o dominio que no es gestionado\u00a0por el editor, sino por otra entidad que trata los datos obtenidos trav\u00e9s de las cookies.<\/p>\n<p>En el caso de que las cookies sean instaladas desde un equipo o dominio gestionado por el propio editor pero la\u00a0informaci\u00f3n que se recoja mediante \u00e9stas sea gestionada por un tercero, no pueden ser consideradas como cookies\u00a0propias.<\/p>\n<p>Existe tambi\u00e9n una segunda clasificaci\u00f3n seg\u00fan el plazo de tiempo que permanecen almacenadas en el navegador del\u00a0cliente, pudiendo tratarse de:<\/p>\n<p>\u2022 Cookies de sesi\u00f3n:<\/p>\n<p>Dise\u00f1adas para recabar y almacenar datos mientras el usuario accede a una p\u00e1gina web. Se suelen\u00a0emplear para almacenar informaci\u00f3n que solo interesa conservar para la prestaci\u00f3n del servicio\u00a0solicitado por el usuario en una sola ocasi\u00f3n (p.e. una lista de productos adquiridos).<\/p>\n<p>\u2022 Cookies persistentes:<\/p>\n<p>Los datos siguen almacenados en el terminal y pueden ser accedidos y tratados durante un periodo\u00a0definido por el responsable de la cookie, y que puede ir de unos minutos a varios a\u00f1os.<\/p>\n<p>&nbsp;<\/p>\n<p>Por \u00faltimo, existe otra clasificaci\u00f3n con seis tipos de cookies seg\u00fan la finalidad para la que se traten los datos\u00a0obtenidos:<\/p>\n<p>\u2022 Cookies t\u00e9cnicas:<\/p>\n<p>Aquellas que permiten al usuario la navegaci\u00f3n a trav\u00e9s de una p\u00e1gina web, plataforma o aplicaci\u00f3n y\u00a0la utilizaci\u00f3n de las diferentes opciones o servicios que en ella existan como, por ejemplo, controlar el\u00a0tr\u00e1fico y la comunicaci\u00f3n de datos, identificar la sesi\u00f3n, acceder a partes de acceso restringido,\u00a0recordar los elementos que integran un pedido, realizar el proceso de compra de un pedido, realizar la\u00a0solicitud de inscripci\u00f3n o participaci\u00f3n en un evento, utilizar elementos de seguridad durante la\u00a0navegaci\u00f3n, almacenar contenidos para la difusi\u00f3n de v\u00eddeos o sonido o compartir contenidos a trav\u00e9s\u00a0de redes sociales.<\/p>\n<p>\u2022 Cookies de personalizaci\u00f3n:<\/p>\n<p>Permiten al usuario acceder al servicio con algunas caracter\u00edsticas de car\u00e1cter general predefinidas en\u00a0funci\u00f3n de una serie de criterios en el terminal del usuario como por ejemplo serian el idioma, el tipo de\u00a0navegador a trav\u00e9s del cual accede al servicio, la configuraci\u00f3n regional desde donde accede al\u00a0servicio, etc.<\/p>\n<p>\u2022 Cookies de an\u00e1lisis:<\/p>\n<p>Permiten al responsable de las mismas, el seguimiento y an\u00e1lisis del comportamiento de los usuarios\u00a0de los sitios web a los que est\u00e1n vinculadas. La informaci\u00f3n recogida mediante este tipo de cookies se\u00a0utiliza en la medici\u00f3n de la actividad de los sitios web, aplicaci\u00f3n o plataforma y para la elaboraci\u00f3n de\u00a0perfiles de navegaci\u00f3n de los usuarios de dichos sitios, aplicaciones y plataformas, con el fin de\u00a0introducir mejoras en funci\u00f3n del an\u00e1lisis de los datos de uso que hacen los usuarios del servicio.<\/p>\n<p>\u2022 Cookies publicitarias:<\/p>\n<p>Permiten la gesti\u00f3n, de la forma m\u00e1s eficaz posible, de los espacios publicitarios.<\/p>\n<p>\u2022 Cookies de publicidad comportamental:<\/p>\n<p>Almacenan informaci\u00f3n del comportamiento de los usuarios obtenida a trav\u00e9s de la observaci\u00f3n\u00a0continuada de sus h\u00e1bitos de navegaci\u00f3n, lo que permite desarrollar un perfil espec\u00edfico para mostrar\u00a0publicidad en funci\u00f3n del mismo.<\/p>\n<p>\u2022 Cookies de redes sociales externas:<\/p>\n<p>Se utilizan para que los visitantes puedan interactuar con el contenido de diferentes plataformas\u00a0sociales (facebook, youtube, twitter, linkedIn, etc..) y que se generen \u00fanicamente para los usuarios de\u00a0dichas redes sociales. Las condiciones de utilizaci\u00f3n de estas cookies y la informaci\u00f3n recopilada se\u00a0regula por la pol\u00edtica de privacidad de la plataforma social correspondiente.<\/p>\n<p>&nbsp;<\/p>\n<p><span style=\"font-size: 18px;\"><strong>Desactivaci\u00f3n y eliminaci\u00f3n de cookies<\/strong><\/span><\/p>\n<p>Tienes la opci\u00f3n de permitir, bloquear o eliminar las cookies instaladas en tu equipo mediante la configuraci\u00f3n de las\u00a0opciones del navegador instalado en su equipo. Al desactivar cookies, algunos de los servicios disponibles podr\u00edan\u00a0dejar de estar operativos. La forma de deshabilitar las cookies es diferente para cada navegador, pero normalmente\u00a0puede hacerse desde el men\u00fa Herramientas u Opciones. Tambi\u00e9n puede consultarse el men\u00fa de Ayuda del navegador\u00a0d\u00f3nde puedes encontrar instrucciones. El usuario podr\u00e1 en cualquier momento elegir qu\u00e9 cookies quiere que funcionen\u00a0en este sitio web.<\/p>\n<p>Puede usted permitir, bloquear o eliminar las cookies instaladas en su equipo mediante la configuraci\u00f3n de las opciones\u00a0del navegador instalado en su ordenador:<\/p>\n<p>\u2022 Microsoft Internet Explorer o Microsoft Edge:<\/p>\n<p><a href=\"http:\/\/windows.microsoft.com\/es-es\/windows-vista\/Block-or-allow-cookies\" target=\"_blank\" rel=\"noopener\">http:\/\/windows.microsoft.com\/es-es\/windows-vista\/Block-or-allow-cookies<\/a><\/p>\n<p>\u2022 Mozilla Firefox:<\/p>\n<p><a href=\"http:\/\/support.mozilla.org\/es\/kb\/impedir-que-los-sitios-web-guarden-sus-preferencia\" target=\"_blank\" rel=\"noopener\">http:\/\/support.mozilla.org\/es\/kb\/impedir-que-los-sitios-web-guarden-sus-preferencia<\/a><\/p>\n<p>\u2022 Chrome:<\/p>\n<p><a href=\"https:\/\/support.google.com\/accounts\/answer\/61416?hl=es\" target=\"_blank\" rel=\"noopener\">https:\/\/support.google.com\/accounts\/answer\/61416?hl=es<\/a><\/p>\n<p>\u2022 Safari:<\/p>\n<p><a href=\"http:\/\/safari.helpmax.net\/es\/privacidad-y-seguridad\/como-gestionar-las-cookies\/\" target=\"_blank\" rel=\"noopener\">http:\/\/safari.helpmax.net\/es\/privacidad-y-seguridad\/como-gestionar-las-cookies\/<\/a><\/p>\n<p>\u2022 Opera:<\/p>\n<p><a href=\"http:\/\/help.opera.com\/Linux\/10.60\/es-ES\/cookies.html\" target=\"_blank\" rel=\"noopener\">http:\/\/help.opera.com\/Linux\/10.60\/es-ES\/cookies.html<\/a><\/p>\n<p>Adem\u00e1s, tambi\u00e9n puede gestionar el almac\u00e9n de cookies en su navegador a trav\u00e9s de herramientas como las\u00a0siguientes<\/p>\n<p>\u2022 Ghostery:<\/p>\n<p><a href=\"http:\/\/www.ghostery.com\/\" target=\"_blank\" rel=\"noopener\">www.ghostery.com\/<\/a><\/p>\n<p>\u2022 Your Online Choices:<\/p>\n<p><a href=\"http:\/\/www.youronlinechoices.com\/es\/\" target=\"_blank\" rel=\"noopener\">www.youronlinechoices.com\/es\/<\/a><\/p>\n<p>&nbsp;<\/p>\n<p><strong><span style=\"font-size: 18px;\">Cookies utilizadas en www.lashidalgas.com<\/span><\/strong><\/p>\n<p>A continuaci\u00f3n se identifican las cookies que est\u00e1n siendo utilizadas en este portal as\u00ed como su tipolog\u00eda y funci\u00f3n:<\/p>\n<p>&nbsp;<\/p>\n<p><strong>Cookies estrictamente necesarias<\/strong><br \/>\nLas cookies estrictamente necesarias permiten la funcionalidad principal del sitio web, como el inicio de sesi\u00f3n de usuario y la gesti\u00f3n de cuentas. El sitio web no se puede utilizar correctamente sin las cookies estrictamente necesarias. Las cookies estrictamente necesarias permiten la funcionalidad principal del sitio web, como el inicio de sesi\u00f3n de usuario y la gesti\u00f3n de cuentas. El sitio web no se puede utilizar correctamente sin las cookies estrictamente necesarias.<br \/>\nLas cookies estrictamente necesarias permiten la funcionalidad principal del sitio web, como el inicio de sesi\\u00f3n de usuario y la gesti\u00f3n de cuentas. El sitio web no se puede utilizar correctamente sin las cookies estrictamente necesarias.<\/p>\n<p>&nbsp;<\/p>\n<table class=\"cookiescript_fsd_cookies_table\" data-cs-table-report=\"cookiescript\">\n<caption style=\"display: none;\">Cookie report<\/caption>\n<thead>\n<tr>\n<th scope=\"col\" data-cs-i18n-text=\"{&quot;es&quot;:&quot;Nombre&quot;}\">Nombre<\/th>\n<th scope=\"col\" data-cs-i18n-text=\"{&quot;es&quot;:&quot;Proveedor \\\/ Dominio&quot;}\">Proveedor \/ Dominio<\/th>\n<th scope=\"col\" data-cs-i18n-text=\"{&quot;es&quot;:&quot;Vencimiento&quot;}\">Vencimiento<\/th>\n<th scope=\"col\" data-cs-i18n-text=\"{&quot;es&quot;:&quot;Descripci\\u00f3n&quot;}\">Descripci\u00f3n<\/th>\n<\/tr>\n<\/thead>\n<tbody>\n<tr>\n<td data-cs-i18n-table-label=\"{&quot;es&quot;:&quot;Nombre&quot;}\">CookieScriptConsent<\/td>\n<td data-cs-i18n-table-label=\"{&quot;es&quot;:&quot;Proveedor \\\/ Dominio&quot;}\">\n<div class=\"cookiescript_vendor_name\"><a href=\"https:\/\/cookie-script.com\/privacy-policy.html\" target=\"_blank\" rel=\"nofollow noopener\">CookieScript<\/a><\/div>\n<p>lashidalgas.com<\/td>\n<td data-cs-i18n-text=\"{&quot;es&quot;:&quot;1 mes&quot;}\" data-cs-i18n-table-label=\"{&quot;es&quot;:&quot;Vencimiento&quot;}\">1 mes<\/td>\n<td data-cs-i18n-text=\"{&quot;es&quot;:&quot;El servicio Cookie-Script.com utiliza esta cookie para recordar las preferencias de consentimiento de cookies de los visitantes. Es necesario que el banner de cookies de Cookie-Script.com funcione correctamente.&quot;}\" data-cs-i18n-table-label=\"{&quot;es&quot;:&quot;Descripci\\u00f3n&quot;}\">El servicio Cookie-Script.com utiliza esta cookie para recordar las preferencias de consentimiento de cookies de los visitantes. Es necesario que el banner de cookies de Cookie-Script.com funcione correctamente.<\/td>\n<\/tr>\n<tr>\n<td data-cs-i18n-table-label=\"{&quot;es&quot;:&quot;Nombre&quot;}\">_dc_gtm_UA-119822525-1<\/td>\n<td data-cs-i18n-table-label=\"{&quot;es&quot;:&quot;Proveedor \\\/ Dominio&quot;}\">.lashidalgas.com<\/td>\n<td data-cs-i18n-text=\"{&quot;es&quot;:&quot;55 segundos&quot;}\" data-cs-i18n-table-label=\"{&quot;es&quot;:&quot;Vencimiento&quot;}\">55 segundos<\/td>\n<td data-cs-i18n-text=\"{&quot;es&quot;:&quot;Esta cookie est\\u00e1 asociada con sitios que utilizan Google Tag Manager para cargar otros scripts y c\\u00f3digos en una p\\u00e1gina. Cuando se usa, puede considerarse estrictamente necesario, ya que sin \\u00e9l, es posible que otros scripts no funcionen correctamente. El final del nombre es un n\\u00famero \\u00fanico que tambi\\u00e9n es un identificador de una cuenta de Google Analytics asociada.&quot;}\" data-cs-i18n-table-label=\"{&quot;es&quot;:&quot;Descripci\\u00f3n&quot;}\">Esta cookie est\u00e1 asociada con sitios que utilizan Google Tag Manager para cargar otros scripts y c\u00f3digos en una p\u00e1gina. Cuando se usa, puede considerarse estrictamente necesario, ya que sin \u00e9l, es posible que otros scripts no funcionen correctamente. El final del nombre es un n\u00famero \u00fanico que tambi\u00e9n es un identificador de una cuenta de Google Analytics asociada.<\/td>\n<\/tr>\n<\/tbody>\n<\/table>\n<p>&nbsp;<\/p>\n<p><strong>Cookies de rendimiento<\/strong><br \/>\nLas cookies de rendimiento se utilizan para ver c\u00f3mo los visitantes utilizan el sitio web. Por ejemplo: cookies anal\u00edticas. Este tipo de cookies no se pueden utilizar para identificar directamente a un determinado visitante.<\/p>\n<p>&nbsp;<\/p>\n<table class=\"cookiescript_fsd_cookies_table\" data-cs-table-report=\"cookiescript\">\n<caption style=\"display: none;\">Cookie report<\/caption>\n<thead>\n<tr>\n<th scope=\"col\" data-cs-i18n-text=\"{&quot;es&quot;:&quot;Nombre&quot;}\">Nombre<\/th>\n<th scope=\"col\" data-cs-i18n-text=\"{&quot;es&quot;:&quot;Proveedor \\\/ Dominio&quot;}\">Proveedor \/ Dominio<\/th>\n<th scope=\"col\" data-cs-i18n-text=\"{&quot;es&quot;:&quot;Vencimiento&quot;}\">Vencimiento<\/th>\n<th scope=\"col\" data-cs-i18n-text=\"{&quot;es&quot;:&quot;Descripci\\u00f3n&quot;}\">Descripci\u00f3n<\/th>\n<\/tr>\n<\/thead>\n<tbody>\n<tr>\n<td data-cs-i18n-table-label=\"{&quot;es&quot;:&quot;Nombre&quot;}\">_ga_DMBG2E1NS0<\/td>\n<td data-cs-i18n-table-label=\"{&quot;es&quot;:&quot;Proveedor \\\/ Dominio&quot;}\">.lashidalgas.com<\/td>\n<td data-cs-i18n-text=\"{&quot;es&quot;:&quot;1 a\\u00f1o 1 mes&quot;}\" data-cs-i18n-table-label=\"{&quot;es&quot;:&quot;Vencimiento&quot;}\">1 a\u00f1o 1 mes<\/td>\n<td data-cs-i18n-text=\"{&quot;es&quot;:&quot;Google Analytics utiliza esta cookie para mantener el estado de la sesi\\u00f3n.&quot;}\" data-cs-i18n-table-label=\"{&quot;es&quot;:&quot;Descripci\\u00f3n&quot;}\">Google Analytics utiliza esta cookie para mantener el estado de la sesi\u00f3n.<\/td>\n<\/tr>\n<tr>\n<td data-cs-i18n-table-label=\"{&quot;es&quot;:&quot;Nombre&quot;}\">_ga<\/td>\n<td data-cs-i18n-table-label=\"{&quot;es&quot;:&quot;Proveedor \\\/ Dominio&quot;}\">\n<div class=\"cookiescript_vendor_name\"><a href=\"https:\/\/policies.google.com\/privacy\" target=\"_blank\" rel=\"nofollow noopener\">Google LLC<\/a><\/div>\n<p>.lashidalgas.com<\/td>\n<td data-cs-i18n-text=\"{&quot;es&quot;:&quot;1 a\\u00f1o 1 mes&quot;}\" data-cs-i18n-table-label=\"{&quot;es&quot;:&quot;Vencimiento&quot;}\">1 a\u00f1o 1 mes<\/td>\n<td data-cs-i18n-text=\"{&quot;es&quot;:&quot;Este nombre de cookie est\\u00e1 asociado con Google Universal Analytics, que es una actualizaci\\u00f3n significativa del servicio de an\\u00e1lisis de Google m\\u00e1s utilizado. Esta cookie se utiliza para distinguir usuarios \\u00fanicos asignando un n\\u00famero generado aleatoriamente como identificador de cliente. Se incluye en cada solicitud de p\\u00e1gina en un sitio y se utiliza para calcular los datos de visitantes, sesiones y campa\\u00f1as para los informes de an\\u00e1lisis de sitios.&quot;}\" data-cs-i18n-table-label=\"{&quot;es&quot;:&quot;Descripci\\u00f3n&quot;}\">Este nombre de cookie est\u00e1 asociado con Google Universal Analytics, que es una actualizaci\u00f3n significativa del servicio de an\u00e1lisis de Google m\u00e1s utilizado. Esta cookie se utiliza para distinguir usuarios \u00fanicos asignando un n\u00famero generado aleatoriamente como identificador de cliente. Se incluye en cada solicitud de p\u00e1gina en un sitio y se utiliza para calcular los datos de visitantes, sesiones y campa\u00f1as para los informes de an\u00e1lisis de sitios.<\/td>\n<\/tr>\n<tr>\n<td data-cs-i18n-table-label=\"{&quot;es&quot;:&quot;Nombre&quot;}\">_gid<\/td>\n<td data-cs-i18n-table-label=\"{&quot;es&quot;:&quot;Proveedor \\\/ Dominio&quot;}\">\n<div class=\"cookiescript_vendor_name\"><a href=\"https:\/\/policies.google.com\/privacy\" target=\"_blank\" rel=\"nofollow noopener\">Google LLC<\/a><\/div>\n<p>.lashidalgas.com<\/td>\n<td data-cs-i18n-text=\"{&quot;es&quot;:&quot;1 d\\u00eda&quot;}\" data-cs-i18n-table-label=\"{&quot;es&quot;:&quot;Vencimiento&quot;}\">1 d\u00eda<\/td>\n<td data-cs-i18n-text=\"{&quot;es&quot;:&quot;Google Analytics establece esta cookie. Almacena y actualiza un valor \\u00fanico para cada p\\u00e1gina visitada y se utiliza para contar y rastrear p\\u00e1ginas vistas.&quot;}\" data-cs-i18n-table-label=\"{&quot;es&quot;:&quot;Descripci\\u00f3n&quot;}\">Google Analytics establece esta cookie. Almacena y actualiza un valor \u00fanico para cada p\u00e1gina visitada y se utiliza para contar y rastrear p\u00e1ginas vistas.<\/td>\n<\/tr>\n<\/tbody>\n<\/table>\n<p>&nbsp;<\/p>\n<p><strong><span style=\"font-size: 18px;\">Aceptaci\u00f3n de la Pol\u00edtica de cookies<\/span><\/strong><\/p>\n<p>www.lashidalgas.com, asume que usted acepta el uso de cookies. No obstante, muestra informaci\u00f3n sobre su Pol\u00edtica\u00a0de cookies en la parte inferior o superior de cualquier p\u00e1gina del portal con cada inicio de sesi\u00f3n con el objeto de que\u00a0usted sea consciente.<\/p>\n<p>Ante esta informaci\u00f3n es posible llevar a cabo las siguientes acciones:<\/p>\n<p>\u2022 Aceptar cookies:<\/p>\n<p>No se volver\u00e1 a visualizar este aviso al acceder a cualquier p\u00e1gina del portal durante la presente\u00a0sesi\u00f3n.<\/p>\n<p>\u2022 Cerrar:<\/p>\n<p>Se oculta el aviso en la presente p\u00e1gina.<\/p>\n<p>\u2022 Modificar su configuraci\u00f3n:<\/p>\n<p>Podr\u00e1 obtener m\u00e1s informaci\u00f3n sobre qu\u00e9 son las cookies, conocer la Pol\u00edtica de cookies de:<\/p>\n<p>www.lashidalgas.com y modificar la configuraci\u00f3n de su navegador.<\/p>\n","protected":false},"excerpt":{"rendered":"<p>ALMAS TRASHUMANTES, S.L. informa acerca del uso de las cookies en su p\u00e1gina web: www.lashidalgas.com &nbsp; \u00bfQu\u00e9 son las cookies? Las cookies son archivos que se pueden descargar en su equipo a trav\u00e9s de las p\u00e1ginas web. Son herramientas que\u00a0tienen un papel esencial para la prestaci\u00f3n de numerosos servicios de la sociedad de la informaci\u00f3n.&nbsp; &hellip;<\/p>\n","protected":false},"author":1,"featured_media":0,"parent":0,"menu_order":22,"comment_status":"closed","ping_status":"closed","template":"page-full.php","meta":{"_seopress_robots_primary_cat":"0","_seopress_titles_title":"","_seopress_titles_desc":"","_seopress_robots_index":"","footnotes":""},"class_list":["post-8593","page","type-page","status-publish","hentry"],"_links":{"self":[{"href":"https:\/\/lashidalgas.com\/en\/wp-json\/wp\/v2\/pages\/8593","targetHints":{"allow":["GET"]}}],"collection":[{"href":"https:\/\/lashidalgas.com\/en\/wp-json\/wp\/v2\/pages"}],"about":[{"href":"https:\/\/lashidalgas.com\/en\/wp-json\/wp\/v2\/types\/page"}],"author":[{"embeddable":true,"href":"https:\/\/lashidalgas.com\/en\/wp-json\/wp\/v2\/users\/1"}],"replies":[{"embeddable":true,"href":"https:\/\/lashidalgas.com\/en\/wp-json\/wp\/v2\/comments?post=8593"}],"version-history":[{"count":0,"href":"https:\/\/lashidalgas.com\/en\/wp-json\/wp\/v2\/pages\/8593\/revisions"}],"wp:attachment":[{"href":"https:\/\/lashidalgas.com\/en\/wp-json\/wp\/v2\/media?parent=8593"}],"curies":[{"name":"wp","href":"https:\/\/api.w.org\/{rel}","templated":true}]}}