{"id":8588,"date":"2018-09-08T16:15:55","date_gmt":"2018-09-08T14:15:55","guid":{"rendered":"https:\/\/lashidalgas.com\/legal-notice\/"},"modified":"2021-10-07T09:56:27","modified_gmt":"2021-10-07T07:56:27","slug":"legal-notice","status":"publish","type":"page","link":"https:\/\/lashidalgas.com\/en\/legal-notice\/","title":{"rendered":"Legal Notice"},"content":{"rendered":"<p><strong><span style=\"font-size: 18px;\">1 &#8211; \u00c1mbito de aplicaci\u00f3n<\/span><\/strong><\/p>\n<p>Este aviso legal contiene las condiciones que regulan el uso y acceso a: www.lashidalgas.com\u00a0(en adelante el sitio web) y las responsabilidades derivadas de su utilizaci\u00f3n.<\/p>\n<p>Se entender\u00e1 que el acceso o la mera utilizaci\u00f3n del sitio web por parte del usuario implica la adhesi\u00f3n del mismo a todas las condiciones que ALMAS TRASHUMANTES, S.L. tenga publicadas en ese momento en la web.<\/p>\n<p><strong><span style=\"font-size: 18px;\">2 &#8211; Titular<\/span><\/strong><\/p>\n<p>El titular de este sitio web es ALMAS TRASHUMANTES, S.L. con domicilio social en Maestro Uriarte 3 Bajo, e-mail: info@lashidalgas.com, con NIF n\u00ba B06937239 y registrada en Le\u00f3n (Le\u00f3n).<\/p>\n<p><strong><span style=\"font-size: 18px;\">3 &#8211; Objeto<\/span><\/strong><\/p>\n<p>El objetivo de este sitio es informar de la actividad que desarrolla ALMAS TRASHUMANTES, S.L. en el \u00e1mbito de:<\/p>\n<p>_______________________________________________________________________________________________.<\/p>\n<p><strong><span style=\"font-size: 18px;\">4 &#8211; Derechos de Propiedad Intelectual e Industrial<\/span><\/strong><\/p>\n<p>La totalidad de este sitio web: descripci\u00f3n, caracter\u00edsticas, texto, im\u00e1genes, marcas, logotipos, botones, archivos de\u00a0software, combinaciones de colores, as\u00ed como la estructura, selecci\u00f3n, ordenaci\u00f3n y presentaci\u00f3n de sus contenidos, se\u00a0encuentra protegido por las leyes espa\u00f1olas e internacionales sobre Propiedad Intelectual e Industrial.<\/p>\n<p>En ning\u00fan caso el acceso a dicho sitio implica ning\u00fan tipo de renuncia, transmisi\u00f3n o cesi\u00f3n total ni parcial de los\u00a0derechos otorgados por la legislaci\u00f3n espa\u00f1ola e internacional sobre propiedad Intelectual e Industrial.<\/p>\n<p>La reproducci\u00f3n (excepto la descarga temporal desde el sitio web al disco duro del ordenador del usuario o a los\u00a0servidores proxy), la copia, el uso, la distribuci\u00f3n, la reutilizaci\u00f3n, la explotaci\u00f3n, la realizaci\u00f3n de segundas copias, el\u00a0env\u00edo por correo, la transmisi\u00f3n, la modificaci\u00f3n, la cesi\u00f3n o cualquier otro acto que se haga con la totalidad o parte de\u00a0la informaci\u00f3n contenida en este sitio web que no haya sido expresamente autorizado por el titular, quedan prohibidos.<\/p>\n<p>El usuario se obliga a usar los contenidos de forma diligente, correcta y l\u00edcita y, en particular, se compromete a abstenerse de suprimir, eludir o manipular el &#8220;copyright&#8221; y dem\u00e1s datos identificativos de los derechos de ALMAS TRASHUMANTES, S.L. o de sus titulares incorporados a los contenidos, as\u00ed como los dispositivos t\u00e9cnicos de protecci\u00f3n o cualesquiera mecanismos de informaci\u00f3n que pudieren incluirse en los contenidos. Asimismo, el usuario se abstendr\u00e1 de emplear los contenidos y, en particular, la informaci\u00f3n de cualquier clase obtenida a trav\u00e9s del sitio para remitir publicidad, comunicaciones con fines comerciales, mensajes no solicitados dirigidos a una pluralidad de personas con independencia de su finalidad, as\u00ed como a abstenerse de comercializar o divulgar de cualquier modo dicha informaci\u00f3n.<\/p>\n<p>www.lashidalgas.com, es un dominio registrado por ALMAS TRASHUMANTES, S.L.. El dominio de ALMAS TRASHUMANTES, S.L. no puede ser utilizado, salvo autorizaci\u00f3n expresa previa, en conexi\u00f3n con otros servicios que no sean de ALMAS TRASHUMANTES, S.L., de ninguna manera que pueda causar confusi\u00f3n entre nuestros clientes o descr\u00e9dito de ALMAS TRASHUMANTES, S.L..<\/p>\n<p><strong><span style=\"font-size: 18px;\">5 &#8211; Acceso<\/span><\/strong><\/p>\n<p>Los usuarios podr\u00e1n acceder al sitio de forma libre y gratuita.<\/p>\n<p><span style=\"font-size: 18px;\"><strong>6 &#8211; Responsabilidad y Obligaciones del prestador<\/strong><\/span><\/p>\n<p><strong> 6.1 &#8211; Responsabilidades con respecto a los contenidos:<\/strong><\/p>\n<p>El contenido de este sitio web es de car\u00e1cter general, as\u00ed como tiene una finalidad y efectos exclusivamente informativos de nuestros servicios y de nuestra actividad empresarial. ALMAS TRASHUMANTES, S.L. se exime de cualquier responsabilidad respecto a cualquier decisi\u00f3n adoptada por el usuario del sitio web como consecuencia de la informaci\u00f3n contenida, en especial respecto a las caracter\u00edsticas t\u00e9cnicas de los cables.<\/p>\n<p>ALMAS TRASHUMANTES, S.L. rechaza la responsabilidad sobre cualquier informaci\u00f3n no elaborada por ella misma o no publicada de forma autorizada bajo su nombre, al igual que la responsabilidad que se derive de la mala utilizaci\u00f3n de los contenidos, as\u00ed como se reserva el derecho a actualizarlos, a eliminarlos, limitarlos o impedir el acceso a ellos, de manera temporal o definitiva.<\/p>\n<p><strong> 6.2 &#8211; Responsabilidad respecto a los enlaces a otras p\u00e1ginas webs (links)<\/strong><\/p>\n<p>Los enlaces introducidos en: www.lashidalgas.com, son de car\u00e1cter meramente informativo y, por tanto, ALMAS TRASHUMANTES, S.L. no controla ni verifica ninguna informaci\u00f3n, contenido, productos o servicios facilitados a trav\u00e9s de estos sitios web. En consecuencia, ALMAS TRASHUMANTES, S.L. declina cualquier tipo de responsabilidad por cualquier aspecto, en especial el contenido, relativo a esa p\u00e1gina.<\/p>\n<p><strong> 6.3 &#8211; Responsabilidad en el supuesto de que esta p\u00e1gina sea el destino del enlace introducido en otra p\u00e1gina.<\/strong><\/p>\n<p>Por lo que se refiere a los enlaces establecidos por otras p\u00e1ginas a este sitio, as\u00ed como si cualquier usuario, entidad o p\u00e1gina web deseara establecer alg\u00fan tipo de enlace con destino al sitio web de ALMAS TRASHUMANTES, S.L. deber\u00e1 atenerse a las siguientes estipulaciones:<\/p>\n<p>Deber\u00e1 solicitar autorizaci\u00f3n previamente a la realizaci\u00f3n del enlace y deber\u00e1 constar de forma expresa su\u00a0otorgamiento. S\u00f3lo se podr\u00e1 dirigir a la p\u00e1gina de inicio.<\/p>\n<p>El enlace debe ser absoluto y completo, es decir, debe llevar al usuario a la propia direcci\u00f3n de ALMAS TRASHUMANTES, S.L., debiendo abarcar completamente toda la extensi\u00f3n de la pantalla de la p\u00e1gina inicial. En ning\u00fan caso, salvo autorizaci\u00f3n expresa y por escrito de ALMAS TRASHUMANTES, S.L., la p\u00e1gina que realice el enlace podr\u00e1 reproducir de cualquier manera el sitio web de ALMAS TRASHUMANTES, S.L., incluirlo como parte de su web o dentro de uno de sus frames o crear un browser sobre cualquiera de las p\u00e1ginas de: www.lashidalgas.com.<\/p>\n<p>No se dar\u00e1 ning\u00fan tipo de indicaci\u00f3n err\u00f3nea o incorrecta acerca de la p\u00e1gina de ALMAS TRASHUMANTES, S.L..<\/p>\n<p>Si quisiera hacer constar alg\u00fan signo distintivo de ALMAS TRASHUMANTES, S.L. como marcas, logos, denominaci\u00f3n, etc. deber\u00e1 contar con la autorizaci\u00f3n por escrito.<\/p>\n<p>El Titular de la p\u00e1gina que ofrece el enlace deber\u00e1 actuar de buena fe y no pretender\u00e1 afectar negativamente a la reputaci\u00f3n o buen nombre de ALMAS TRASHUMANTES, S.L..<\/p>\n<p>Se proh\u00edbe, salvo autorizaci\u00f3n expresa de ALMAS TRASHUMANTES, S.L., dar de alta los elementos de texto de la marca o del logo, el nombre de dominio o la denominaci\u00f3n social de ALMAS TRASHUMANTES, S.L. como palabra clave (metatags o metanames) para la b\u00fasqueda de sitios webs realizada a trav\u00e9s de buscadores.<\/p>\n<p>ALMAS TRASHUMANTES, S.L. no asume ning\u00fan tipo de responsabilidad por cualquier aspecto relativo a la p\u00e1gina web que ofrece el enlace. El establecimiento del enlace no implica la existencia de alg\u00fan tipo de relaci\u00f3n, colaboraci\u00f3n o dependencia de ALMAS TRASHUMANTES, S.L. con el titular de esa p\u00e1gina web.<\/p>\n<p><strong>6.4 &#8211; Responsabilidad aspectos t\u00e9cnicos<\/strong><\/p>\n<p>ALMAS TRASHUMANTES, S.L. no garantiza la continuidad del funcionamiento del sitio web al igual que el mismo se encuentre en todo momento operativo y disponible.<\/p>\n<p>ALMAS TRASHUMANTES, S.L. no se hace responsable de los da\u00f1os y perjuicios directos o indirectos, incluidos da\u00f1os a sistemas inform\u00e1ticos e introducci\u00f3n de virus existentes en la red, derivados de la navegaci\u00f3n por Internet necesaria para el uso de este sitio web.<\/p>\n<p><strong><span style=\"font-size: 18px;\">7 &#8211; Obligaci\u00f3n de los usuarios<\/span><\/strong><\/p>\n<p>El usuario responder\u00e1 de los da\u00f1os y perjuicios que ALMAS TRASHUMANTES, S.L. pueda sufrir como consecuencia del incumplimiento de cualquiera de las obligaciones determinadas en esta nota legal.<\/p>\n<p>Respecto a la navegaci\u00f3n, el usuario se compromete a observar diligente y fielmente las recomendaciones que en su momento establezca ALMAS TRASHUMANTES, S.L. relativa al uso del sitio. A estos efectos, ALMAS TRASHUMANTES, S.L., se dirigir\u00e1 a los usuarios mediante cualquier medio de comunicaci\u00f3n a trav\u00e9s del sitio web.<\/p>\n<p><strong><span style=\"font-size: 18px;\">8 &#8211; Duraci\u00f3n y Modificaci\u00f3n<\/span><\/strong><\/p>\n<p>ALMAS TRASHUMANTES, S.L. tendr\u00e1 derecho a modificar los t\u00e9rminos y condiciones aqu\u00ed estipuladas de forma unilateral, total o parcialmente. Cualquier cambio aparecer\u00e1 en la misma forma en que se encuentran en esta nota legal.<\/p>\n<p>La vigencia temporal de esta nota legal coincide, por lo tanto, con el tiempo de su exposici\u00f3n, hasta el momento en que sean modificadas de forma total o parcial por ALMAS TRASHUMANTES, S.L..<\/p>\n<p>ALMAS TRASHUMANTES, S.L. podr\u00e1 dar por terminadas, suspender o interrumpir unilateralmente, la operatividad de este sitio web, sin posibilidad de solicitar indemnizaci\u00f3n alguna por parte del usuario. Tras dicha extinci\u00f3n, el usuario deber\u00e1 destruir cualquier informaci\u00f3n sobre la sociedad ALMAS TRASHUMANTES, S.L. que posea en cualquier formato y que haya obtenido a trav\u00e9s del sitio o a trav\u00e9s de las comunicaciones realizadas de forma individual al usuario por la misma.<\/p>\n<p><span style=\"font-size: 18px;\"><strong>9 &#8211; Legislaci\u00f3n y Jurisdicci\u00f3n.<\/strong><\/span><\/p>\n<p>Estas condiciones de uso se rigen por la legislaci\u00f3n espa\u00f1ola.<\/p>\n<p>Los usuarios y la empresa, ALMAS TRASHUMANTES, S.L. -expresa renuncia de su fuero- someten todas las interpretaciones o conflictos que pudieran surgir derivados de esta nota legal a los Juzgados y Tribunales de Le\u00f3n.<\/p>\n<p>&nbsp;<\/p>\n<p>&nbsp;<\/p>\n","protected":false},"excerpt":{"rendered":"<p>1 &#8211; \u00c1mbito de aplicaci\u00f3n Este aviso legal contiene las condiciones que regulan el uso y acceso a: www.lashidalgas.com\u00a0(en adelante el sitio web) y las responsabilidades derivadas de su utilizaci\u00f3n. Se entender\u00e1 que el acceso o la mera utilizaci\u00f3n del sitio web por parte del usuario implica la adhesi\u00f3n del mismo a todas las condiciones&nbsp; &hellip;<\/p>\n","protected":false},"author":1,"featured_media":0,"parent":0,"menu_order":0,"comment_status":"closed","ping_status":"closed","template":"page-full.php","meta":{"_seopress_robots_primary_cat":"0","_seopress_titles_title":"","_seopress_titles_desc":"","_seopress_robots_index":"","footnotes":""},"class_list":["post-8588","page","type-page","status-publish","hentry"],"_links":{"self":[{"href":"https:\/\/lashidalgas.com\/en\/wp-json\/wp\/v2\/pages\/8588","targetHints":{"allow":["GET"]}}],"collection":[{"href":"https:\/\/lashidalgas.com\/en\/wp-json\/wp\/v2\/pages"}],"about":[{"href":"https:\/\/lashidalgas.com\/en\/wp-json\/wp\/v2\/types\/page"}],"author":[{"embeddable":true,"href":"https:\/\/lashidalgas.com\/en\/wp-json\/wp\/v2\/users\/1"}],"replies":[{"embeddable":true,"href":"https:\/\/lashidalgas.com\/en\/wp-json\/wp\/v2\/comments?post=8588"}],"version-history":[{"count":0,"href":"https:\/\/lashidalgas.com\/en\/wp-json\/wp\/v2\/pages\/8588\/revisions"}],"wp:attachment":[{"href":"https:\/\/lashidalgas.com\/en\/wp-json\/wp\/v2\/media?parent=8588"}],"curies":[{"name":"wp","href":"https:\/\/api.w.org\/{rel}","templated":true}]}}